{"id":68,"date":"2023-03-18T07:19:25","date_gmt":"2023-03-18T07:19:25","guid":{"rendered":"https:\/\/theyardcompany.com.mx\/es\/?page_id=68"},"modified":"2023-05-23T21:34:36","modified_gmt":"2023-05-23T21:34:36","slug":"about-us","status":"publish","type":"page","link":"https:\/\/theyardcompany.com.mx\/es\/about-us\/","title":{"rendered":"ABOUT US"},"content":{"rendered":"\t\t<div data-elementor-type=\"wp-page\" data-elementor-id=\"68\" class=\"elementor elementor-68\">\n\t\t\t\t\t\t\t\t\t<section class=\"elementor-section elementor-top-section elementor-element elementor-element-da88913 elementor-section-content-middle ot-traditional elementor-section-boxed elementor-section-height-default elementor-section-height-default\" data-id=\"da88913\" data-element_type=\"section\">\n\t\t\t\t\t\t<div class=\"elementor-container elementor-column-gap-default\">\n\t\t\t\t\t<div class=\"elementor-column elementor-col-100 elementor-top-column elementor-element elementor-element-6718bc3 ot-flex-column-vertical\" data-id=\"6718bc3\" data-element_type=\"column\">\n\t\t\t<div class=\"elementor-widget-wrap elementor-element-populated\">\n\t\t\t\t\t\t\t\t<div class=\"elementor-element elementor-element-6b9c2ff elementor-widget elementor-widget-text-editor\" data-id=\"6b9c2ff\" data-element_type=\"widget\" data-widget_type=\"text-editor.default\">\n\t\t\t\t<div class=\"elementor-widget-container\">\n\t\t\t<style>\/*! elementor - v3.11.5 - 14-03-2023 *\/\n.elementor-widget-text-editor.elementor-drop-cap-view-stacked .elementor-drop-cap{background-color:#818a91;color:#fff}.elementor-widget-text-editor.elementor-drop-cap-view-framed .elementor-drop-cap{color:#818a91;border:3px solid;background-color:transparent}.elementor-widget-text-editor:not(.elementor-drop-cap-view-default) .elementor-drop-cap{margin-top:8px}.elementor-widget-text-editor:not(.elementor-drop-cap-view-default) .elementor-drop-cap-letter{width:1em;height:1em}.elementor-widget-text-editor .elementor-drop-cap{float:left;text-align:center;line-height:1;font-size:50px}.elementor-widget-text-editor .elementor-drop-cap-letter{display:inline-block}<\/style>\t\t\t\t<p class=\"p1\"><span style=\"color: #ff8200;\">1995<\/span> En La Yarda Se\u00f1or Frog&#8217;s<\/p>\t\t\t\t\t\t<\/div>\n\t\t\t\t<\/div>\n\t\t\t\t\t<\/div>\n\t\t<\/div>\n\t\t\t\t\t\t\t<\/div>\n\t\t<\/section>\n\t\t\t\t<section class=\"elementor-section elementor-top-section elementor-element elementor-element-b5a20e6 elementor-section-content-middle ot-traditional elementor-section-boxed elementor-section-height-default elementor-section-height-default\" data-id=\"b5a20e6\" data-element_type=\"section\">\n\t\t\t\t\t\t<div class=\"elementor-container elementor-column-gap-default\">\n\t\t\t\t\t<div class=\"elementor-column elementor-col-50 elementor-top-column elementor-element elementor-element-ec25f36 ot-flex-column-vertical\" data-id=\"ec25f36\" data-element_type=\"column\">\n\t\t\t<div class=\"elementor-widget-wrap elementor-element-populated\">\n\t\t\t\t\t\t\t\t<div class=\"elementor-element elementor-element-afdfe1e elementor-widget elementor-widget-text-editor\" data-id=\"afdfe1e\" data-element_type=\"widget\" data-widget_type=\"text-editor.default\">\n\t\t\t\t<div class=\"elementor-widget-container\">\n\t\t\t\t\t\t\t\t\t\t\t\t\t<\/div>\n\t\t\t\t<\/div>\n\t\t\t\t<div class=\"elementor-element elementor-element-cb3ba71 elementor-widget elementor-widget-text-editor\" data-id=\"cb3ba71\" data-element_type=\"widget\" data-widget_type=\"text-editor.default\">\n\t\t\t\t<div class=\"elementor-widget-container\">\n\t\t\t\t\t\t\t<p class=\"p1\">nos dedicamos a la creaci\u00f3n de vasos, termos y yardas personalizadas con el objetivo de que nuestros socios comerciales puedan tener un objeto \u00fanico y especial que les genere una conexi\u00f3n emocional.<\/p>\t\t\t\t\t\t<\/div>\n\t\t\t\t<\/div>\n\t\t\t\t\t<\/div>\n\t\t<\/div>\n\t\t\t\t<div class=\"elementor-column elementor-col-50 elementor-top-column elementor-element elementor-element-db7a0b7 ot-flex-column-vertical\" data-id=\"db7a0b7\" data-element_type=\"column\">\n\t\t\t<div class=\"elementor-widget-wrap elementor-element-populated\">\n\t\t\t\t\t\t\t\t<div class=\"elementor-element elementor-element-49f050b elementor-widget elementor-widget-image\" data-id=\"49f050b\" data-element_type=\"widget\" data-widget_type=\"image.default\">\n\t\t\t\t<div class=\"elementor-widget-container\">\n\t\t\t<style>\/*! elementor - v3.11.5 - 14-03-2023 *\/\n.elementor-widget-image{text-align:center}.elementor-widget-image a{display:inline-block}.elementor-widget-image a img[src$=\".svg\"]{width:48px}.elementor-widget-image img{vertical-align:middle;display:inline-block}<\/style>\t\t\t\t\t\t\t\t\t\t\t\t<img decoding=\"async\" width=\"607\" height=\"421\" src=\"https:\/\/theyardcompany.com.mx\/es\/wp-content\/uploads\/sites\/2\/2023\/05\/Enmascarar-grupo-1.png\" class=\"attachment-large size-large wp-image-1042\" alt=\"\" loading=\"lazy\" srcset=\"https:\/\/theyardcompany.com.mx\/es\/wp-content\/uploads\/sites\/2\/2023\/05\/Enmascarar-grupo-1.png 607w, https:\/\/theyardcompany.com.mx\/es\/wp-content\/uploads\/sites\/2\/2023\/05\/Enmascarar-grupo-1-300x208.png 300w, https:\/\/theyardcompany.com.mx\/es\/wp-content\/uploads\/sites\/2\/2023\/05\/Enmascarar-grupo-1-600x416.png 600w\" sizes=\"(max-width: 607px) 100vw, 607px\" \/>\t\t\t\t\t\t\t\t\t\t\t\t\t\t\t<\/div>\n\t\t\t\t<\/div>\n\t\t\t\t\t<\/div>\n\t\t<\/div>\n\t\t\t\t\t\t\t<\/div>\n\t\t<\/section>\n\t\t\t\t<section class=\"elementor-section elementor-top-section elementor-element elementor-element-176c12d elementor-section-content-middle ot-traditional elementor-section-boxed elementor-section-height-default elementor-section-height-default\" data-id=\"176c12d\" data-element_type=\"section\">\n\t\t\t\t\t\t<div class=\"elementor-container elementor-column-gap-default\">\n\t\t\t\t\t<div class=\"elementor-column elementor-col-50 elementor-top-column elementor-element elementor-element-3271ae2 ot-flex-column-vertical\" data-id=\"3271ae2\" data-element_type=\"column\">\n\t\t\t<div class=\"elementor-widget-wrap elementor-element-populated\">\n\t\t\t\t\t\t\t\t<div class=\"elementor-element elementor-element-beab973 elementor-widget elementor-widget-image\" data-id=\"beab973\" data-element_type=\"widget\" data-widget_type=\"image.default\">\n\t\t\t\t<div class=\"elementor-widget-container\">\n\t\t\t\t\t\t\t\t\t\t\t\t\t\t\t<img decoding=\"async\" width=\"689\" height=\"763\" src=\"https:\/\/theyardcompany.com.mx\/es\/wp-content\/uploads\/sites\/2\/2023\/05\/Enmascarar-grupo-2.png\" class=\"attachment-large size-large wp-image-1043\" alt=\"\" loading=\"lazy\" srcset=\"https:\/\/theyardcompany.com.mx\/es\/wp-content\/uploads\/sites\/2\/2023\/05\/Enmascarar-grupo-2.png 689w, https:\/\/theyardcompany.com.mx\/es\/wp-content\/uploads\/sites\/2\/2023\/05\/Enmascarar-grupo-2-271x300.png 271w, https:\/\/theyardcompany.com.mx\/es\/wp-content\/uploads\/sites\/2\/2023\/05\/Enmascarar-grupo-2-600x664.png 600w\" sizes=\"(max-width: 689px) 100vw, 689px\" \/>\t\t\t\t\t\t\t\t\t\t\t\t\t\t\t<\/div>\n\t\t\t\t<\/div>\n\t\t\t\t\t<\/div>\n\t\t<\/div>\n\t\t\t\t<div class=\"elementor-column elementor-col-50 elementor-top-column elementor-element elementor-element-09f5b90 ot-flex-column-vertical\" data-id=\"09f5b90\" data-element_type=\"column\">\n\t\t\t<div class=\"elementor-widget-wrap elementor-element-populated\">\n\t\t\t\t\t\t\t\t<div class=\"elementor-element elementor-element-6f6319b elementor-widget elementor-widget-text-editor\" data-id=\"6f6319b\" data-element_type=\"widget\" data-widget_type=\"text-editor.default\">\n\t\t\t\t<div class=\"elementor-widget-container\">\n\t\t\t\t\t\t\t\t\t\t\t\t\t<\/div>\n\t\t\t\t<\/div>\n\t\t\t\t<div class=\"elementor-element elementor-element-617b600 elementor-widget elementor-widget-text-editor\" data-id=\"617b600\" data-element_type=\"widget\" data-widget_type=\"text-editor.default\">\n\t\t\t\t<div class=\"elementor-widget-container\">\n\t\t\t\t\t\t\t<p class=\"p1\">Desde que creamos la primera yarda de pl\u00e1stico en el mundo para la marca mundialmente conocida Se\u00f1or Frog&#8217;s en 1995, hemos mantenido nuestra filosof\u00eda de ofrecer objetos personalizados y \u00fanicos a nuestros clientes. Creemos que cada persona es \u00fanica y por eso ofrecemos la posibilidad de personalizar nuestros productos con el nombre, logo o dise\u00f1o que el cliente desee.<\/p><p class=\"p1\">Adem\u00e1s, nos enorgullece dedicarnos a la venta directa a empresas. No s\u00f3lo buscamos establecer relaciones comerciales con nuestros clientes, sino que tambi\u00e9n deseamos generar relaciones de confianza y colaboraci\u00f3n mutua. Creemos que al trabajar juntos, podemos crear un mundo mejor y m\u00e1s justo.<\/p><p class=\"p1\">Estamos comprometidos con la calidad en cada uno de nuestros productos. Utilizamos materiales de alta gama y t\u00e9cnicas de producci\u00f3n avanzadas para garantizar que cada pieza que sale de nuestras instalaciones sea duradera y est\u00e9 a la altura de las expectativas de quien deposita su confianza en nosotros.<\/p><p class=\"p1\">Creemos que los objetos pueden ser m\u00e1s que simples herramientas, y estamos comprometidos en hacer que la experiencia de nuestros clientes sea \u00fanica y especial.<\/p>\t\t\t\t\t\t<\/div>\n\t\t\t\t<\/div>\n\t\t\t\t\t<\/div>\n\t\t<\/div>\n\t\t\t\t\t\t\t<\/div>\n\t\t<\/section>\n\t\t\t\t\t\t\t<\/div>\n\t\t","protected":false},"excerpt":{"rendered":"<p>1995 En La Yarda Se\u00f1or Frog&#8217;s nos dedicamos a la creaci\u00f3n de vasos, termos y yardas personalizadas con el objetivo de que nuestros socios comerciales puedan tener un objeto \u00fanico y especial que les genere una conexi\u00f3n emocional. Desde que creamos la primera yarda de pl\u00e1stico en el mundo para la marca mundialmente conocida Se\u00f1or [&hellip;]<\/p>\n","protected":false},"author":1,"featured_media":0,"parent":0,"menu_order":0,"comment_status":"closed","ping_status":"closed","template":"elementor_header_footer","meta":{"_seopress_robots_primary_cat":""},"_links":{"self":[{"href":"https:\/\/theyardcompany.com.mx\/es\/wp-json\/wp\/v2\/pages\/68"}],"collection":[{"href":"https:\/\/theyardcompany.com.mx\/es\/wp-json\/wp\/v2\/pages"}],"about":[{"href":"https:\/\/theyardcompany.com.mx\/es\/wp-json\/wp\/v2\/types\/page"}],"author":[{"embeddable":true,"href":"https:\/\/theyardcompany.com.mx\/es\/wp-json\/wp\/v2\/users\/1"}],"replies":[{"embeddable":true,"href":"https:\/\/theyardcompany.com.mx\/es\/wp-json\/wp\/v2\/comments?post=68"}],"version-history":[{"count":55,"href":"https:\/\/theyardcompany.com.mx\/es\/wp-json\/wp\/v2\/pages\/68\/revisions"}],"predecessor-version":[{"id":1072,"href":"https:\/\/theyardcompany.com.mx\/es\/wp-json\/wp\/v2\/pages\/68\/revisions\/1072"}],"wp:attachment":[{"href":"https:\/\/theyardcompany.com.mx\/es\/wp-json\/wp\/v2\/media?parent=68"}],"curies":[{"name":"wp","href":"https:\/\/api.w.org\/{rel}","templated":true}]}}