{"id":597,"date":"2023-04-02T14:50:26","date_gmt":"2023-04-02T14:50:26","guid":{"rendered":"https:\/\/theyardcompany.com.mx\/es\/?page_id=597"},"modified":"2023-05-10T22:46:34","modified_gmt":"2023-05-10T22:46:34","slug":"cups-catalogue","status":"publish","type":"page","link":"https:\/\/theyardcompany.com.mx\/es\/cups-catalogue\/","title":{"rendered":"Catalogue | Cups"},"content":{"rendered":"\t\t<div data-elementor-type=\"wp-page\" data-elementor-id=\"597\" class=\"elementor elementor-597\">\n\t\t\t\t\t\t\t\t\t<section class=\"elementor-section elementor-top-section elementor-element elementor-element-027d7d2 elementor-section-content-top elementor-reverse-tablet elementor-reverse-mobile elementor-hidden-mobile ot-traditional elementor-section-boxed elementor-section-height-default elementor-section-height-default\" data-id=\"027d7d2\" data-element_type=\"section\">\n\t\t\t\t\t\t<div class=\"elementor-container elementor-column-gap-default\">\n\t\t\t\t\t<div class=\"elementor-column elementor-col-50 elementor-top-column elementor-element elementor-element-2c74316 ot-flex-column-vertical\" data-id=\"2c74316\" data-element_type=\"column\">\n\t\t\t<div class=\"elementor-widget-wrap elementor-element-populated\">\n\t\t\t\t\t\t\t\t<div class=\"elementor-element elementor-element-3530215 gallery-spacing-custom elementor-widget elementor-widget-image-gallery\" data-id=\"3530215\" data-element_type=\"widget\" data-widget_type=\"image-gallery.default\">\n\t\t\t\t<div class=\"elementor-widget-container\">\n\t\t\t<style>\/*! elementor - v3.11.5 - 14-03-2023 *\/\n.elementor-image-gallery .gallery-item{display:inline-block;text-align:center;vertical-align:top;width:100%;max-width:100%;margin:0 auto}.elementor-image-gallery .gallery-item img{margin:0 auto}.elementor-image-gallery .gallery-item .gallery-caption{margin:0}.elementor-image-gallery figure img{display:block}.elementor-image-gallery figure figcaption{width:100%}.gallery-spacing-custom .elementor-image-gallery .gallery-icon{padding:0}@media (min-width:768px){.elementor-image-gallery .gallery-columns-2 .gallery-item{max-width:50%}.elementor-image-gallery .gallery-columns-3 .gallery-item{max-width:33.33%}.elementor-image-gallery .gallery-columns-4 .gallery-item{max-width:25%}.elementor-image-gallery .gallery-columns-5 .gallery-item{max-width:20%}.elementor-image-gallery .gallery-columns-6 .gallery-item{max-width:16.666%}.elementor-image-gallery .gallery-columns-7 .gallery-item{max-width:14.28%}.elementor-image-gallery .gallery-columns-8 .gallery-item{max-width:12.5%}.elementor-image-gallery .gallery-columns-9 .gallery-item{max-width:11.11%}.elementor-image-gallery .gallery-columns-10 .gallery-item{max-width:10%}}@media (min-width:480px) and (max-width:767px){.elementor-image-gallery .gallery.gallery-columns-2 .gallery-item,.elementor-image-gallery .gallery.gallery-columns-3 .gallery-item,.elementor-image-gallery .gallery.gallery-columns-4 .gallery-item,.elementor-image-gallery .gallery.gallery-columns-5 .gallery-item,.elementor-image-gallery .gallery.gallery-columns-6 .gallery-item,.elementor-image-gallery .gallery.gallery-columns-7 .gallery-item,.elementor-image-gallery .gallery.gallery-columns-8 .gallery-item,.elementor-image-gallery .gallery.gallery-columns-9 .gallery-item,.elementor-image-gallery .gallery.gallery-columns-10 .gallery-item{max-width:50%}}@media (max-width:479px){.elementor-image-gallery .gallery.gallery-columns-2 .gallery-item,.elementor-image-gallery .gallery.gallery-columns-3 .gallery-item,.elementor-image-gallery .gallery.gallery-columns-4 .gallery-item,.elementor-image-gallery .gallery.gallery-columns-5 .gallery-item,.elementor-image-gallery .gallery.gallery-columns-6 .gallery-item,.elementor-image-gallery .gallery.gallery-columns-7 .gallery-item,.elementor-image-gallery .gallery.gallery-columns-8 .gallery-item,.elementor-image-gallery .gallery.gallery-columns-9 .gallery-item,.elementor-image-gallery .gallery.gallery-columns-10 .gallery-item{max-width:100%}}<\/style>\t\t<div class=\"elementor-image-gallery\">\n\t\t\t<div id='gallery-1' class='gallery galleryid-597 gallery-columns-2 gallery-size-full'><figure class='gallery-item'>\n\t\t\t<div class='gallery-icon portrait'>\n\t\t\t\t<img width=\"260\" height=\"337\" src=\"https:\/\/theyardcompany.com.mx\/es\/wp-content\/uploads\/sites\/2\/2023\/05\/YC_Vaso-CocaCola-Navidad.jpg\" class=\"attachment-full size-full\" alt=\"\" decoding=\"async\" loading=\"lazy\" srcset=\"https:\/\/theyardcompany.com.mx\/es\/wp-content\/uploads\/sites\/2\/2023\/05\/YC_Vaso-CocaCola-Navidad.jpg 260w, https:\/\/theyardcompany.com.mx\/es\/wp-content\/uploads\/sites\/2\/2023\/05\/YC_Vaso-CocaCola-Navidad-231x300.jpg 231w\" sizes=\"(max-width: 260px) 100vw, 260px\" \/>\n\t\t\t<\/div><\/figure><figure class='gallery-item'>\n\t\t\t<div class='gallery-icon portrait'>\n\t\t\t\t<img width=\"260\" height=\"337\" src=\"https:\/\/theyardcompany.com.mx\/es\/wp-content\/uploads\/sites\/2\/2023\/05\/YC_Vaso-Tecate.jpg\" class=\"attachment-full size-full\" alt=\"\" decoding=\"async\" loading=\"lazy\" srcset=\"https:\/\/theyardcompany.com.mx\/es\/wp-content\/uploads\/sites\/2\/2023\/05\/YC_Vaso-Tecate.jpg 260w, https:\/\/theyardcompany.com.mx\/es\/wp-content\/uploads\/sites\/2\/2023\/05\/YC_Vaso-Tecate-231x300.jpg 231w\" sizes=\"(max-width: 260px) 100vw, 260px\" \/>\n\t\t\t<\/div><\/figure><figure class='gallery-item'>\n\t\t\t<div class='gallery-icon portrait'>\n\t\t\t\t<img width=\"260\" height=\"337\" src=\"https:\/\/theyardcompany.com.mx\/es\/wp-content\/uploads\/sites\/2\/2023\/05\/YC_Vaso-Frasco-Retro.jpg\" class=\"attachment-full size-full\" alt=\"\" decoding=\"async\" loading=\"lazy\" srcset=\"https:\/\/theyardcompany.com.mx\/es\/wp-content\/uploads\/sites\/2\/2023\/05\/YC_Vaso-Frasco-Retro.jpg 260w, https:\/\/theyardcompany.com.mx\/es\/wp-content\/uploads\/sites\/2\/2023\/05\/YC_Vaso-Frasco-Retro-231x300.jpg 231w\" sizes=\"(max-width: 260px) 100vw, 260px\" \/>\n\t\t\t<\/div><\/figure><figure class='gallery-item'>\n\t\t\t<div class='gallery-icon portrait'>\n\t\t\t\t<img width=\"260\" height=\"337\" src=\"https:\/\/theyardcompany.com.mx\/es\/wp-content\/uploads\/sites\/2\/2023\/05\/YC_Vaso-Transparente-Estandar.jpg\" class=\"attachment-full size-full\" alt=\"\" decoding=\"async\" loading=\"lazy\" srcset=\"https:\/\/theyardcompany.com.mx\/es\/wp-content\/uploads\/sites\/2\/2023\/05\/YC_Vaso-Transparente-Estandar.jpg 260w, https:\/\/theyardcompany.com.mx\/es\/wp-content\/uploads\/sites\/2\/2023\/05\/YC_Vaso-Transparente-Estandar-231x300.jpg 231w\" sizes=\"(max-width: 260px) 100vw, 260px\" \/>\n\t\t\t<\/div><\/figure>\n\t\t<\/div>\n\t\t<\/div>\n\t\t\t\t<\/div>\n\t\t\t\t<\/div>\n\t\t\t\t\t<\/div>\n\t\t<\/div>\n\t\t\t\t<div class=\"elementor-column elementor-col-50 elementor-top-column elementor-element elementor-element-e4fd15f ot-flex-column-vertical\" data-id=\"e4fd15f\" data-element_type=\"column\">\n\t\t\t<div class=\"elementor-widget-wrap elementor-element-populated\">\n\t\t\t\t\t\t\t\t<div class=\"elementor-element elementor-element-ec24270 elementor-widget elementor-widget-heading\" data-id=\"ec24270\" data-element_type=\"widget\" data-widget_type=\"heading.default\">\n\t\t\t\t<div class=\"elementor-widget-container\">\n\t\t\t<style>\/*! elementor - v3.11.5 - 14-03-2023 *\/\n.elementor-heading-title{padding:0;margin:0;line-height:1}.elementor-widget-heading .elementor-heading-title[class*=elementor-size-]>a{color:inherit;font-size:inherit;line-height:inherit}.elementor-widget-heading .elementor-heading-title.elementor-size-small{font-size:15px}.elementor-widget-heading .elementor-heading-title.elementor-size-medium{font-size:19px}.elementor-widget-heading .elementor-heading-title.elementor-size-large{font-size:29px}.elementor-widget-heading .elementor-heading-title.elementor-size-xl{font-size:39px}.elementor-widget-heading .elementor-heading-title.elementor-size-xxl{font-size:59px}<\/style><h2 class=\"elementor-heading-title elementor-size-default\">VASOS<\/h2>\t\t<\/div>\n\t\t\t\t<\/div>\n\t\t\t\t<div class=\"elementor-element elementor-element-e01d1eb elementor-tabs-view-horizontal elementor-widget elementor-widget-tabs\" data-id=\"e01d1eb\" data-element_type=\"widget\" data-widget_type=\"tabs.default\">\n\t\t\t\t<div class=\"elementor-widget-container\">\n\t\t\t<style>\/*! elementor - v3.11.5 - 14-03-2023 *\/\n.elementor-widget-tabs.elementor-tabs-view-vertical .elementor-tabs-wrapper{width:25%;flex-shrink:0}.elementor-widget-tabs.elementor-tabs-view-vertical .elementor-tab-desktop-title.elementor-active{border-right-style:none}.elementor-widget-tabs.elementor-tabs-view-vertical .elementor-tab-desktop-title.elementor-active:after,.elementor-widget-tabs.elementor-tabs-view-vertical .elementor-tab-desktop-title.elementor-active:before{height:999em;width:0;right:0;border-right-style:solid}.elementor-widget-tabs.elementor-tabs-view-vertical .elementor-tab-desktop-title.elementor-active:before{top:0;transform:translateY(-100%)}.elementor-widget-tabs.elementor-tabs-view-vertical .elementor-tab-desktop-title.elementor-active:after{top:100%}.elementor-widget-tabs.elementor-tabs-view-horizontal .elementor-tab-desktop-title{display:table-cell}.elementor-widget-tabs.elementor-tabs-view-horizontal .elementor-tab-desktop-title.elementor-active{border-bottom-style:none}.elementor-widget-tabs.elementor-tabs-view-horizontal .elementor-tab-desktop-title.elementor-active:after,.elementor-widget-tabs.elementor-tabs-view-horizontal .elementor-tab-desktop-title.elementor-active:before{bottom:0;height:0;width:999em;border-bottom-style:solid}.elementor-widget-tabs.elementor-tabs-view-horizontal .elementor-tab-desktop-title.elementor-active:before{right:100%}.elementor-widget-tabs.elementor-tabs-view-horizontal .elementor-tab-desktop-title.elementor-active:after{left:100%}.elementor-widget-tabs .elementor-tab-content,.elementor-widget-tabs .elementor-tab-title,.elementor-widget-tabs .elementor-tab-title:after,.elementor-widget-tabs .elementor-tab-title:before,.elementor-widget-tabs .elementor-tabs-content-wrapper{border:1px #d4d4d4}.elementor-widget-tabs .elementor-tabs{text-align:left}.elementor-widget-tabs .elementor-tabs-wrapper{overflow:hidden}.elementor-widget-tabs .elementor-tab-title{cursor:pointer;outline:var(--focus-outline,none)}.elementor-widget-tabs .elementor-tab-desktop-title{position:relative;padding:20px 25px;font-weight:700;line-height:1;border:solid transparent}.elementor-widget-tabs .elementor-tab-desktop-title.elementor-active{border-color:#d4d4d4}.elementor-widget-tabs .elementor-tab-desktop-title.elementor-active:after,.elementor-widget-tabs .elementor-tab-desktop-title.elementor-active:before{display:block;content:\"\";position:absolute}.elementor-widget-tabs .elementor-tab-desktop-title:focus-visible{border:1px solid #000}.elementor-widget-tabs .elementor-tab-mobile-title{padding:10px;cursor:pointer}.elementor-widget-tabs .elementor-tab-content{padding:20px;display:none}@media (max-width:767px){.elementor-tabs .elementor-tab-content,.elementor-tabs .elementor-tab-title{border-style:solid solid none}.elementor-tabs .elementor-tabs-wrapper{display:none}.elementor-tabs .elementor-tabs-content-wrapper{border-bottom-style:solid}.elementor-tabs .elementor-tab-content{padding:10px}}@media (min-width:768px){.elementor-widget-tabs.elementor-tabs-view-vertical .elementor-tabs{display:flex}.elementor-widget-tabs.elementor-tabs-view-vertical .elementor-tabs-wrapper{flex-direction:column}.elementor-widget-tabs.elementor-tabs-view-vertical .elementor-tabs-content-wrapper{flex-grow:1;border-style:solid solid solid none}.elementor-widget-tabs.elementor-tabs-view-horizontal .elementor-tab-content{border-style:none solid solid}.elementor-widget-tabs.elementor-tabs-alignment-center .elementor-tabs-wrapper,.elementor-widget-tabs.elementor-tabs-alignment-end .elementor-tabs-wrapper,.elementor-widget-tabs.elementor-tabs-alignment-stretch .elementor-tabs-wrapper{display:flex}.elementor-widget-tabs.elementor-tabs-alignment-center .elementor-tabs-wrapper{justify-content:center}.elementor-widget-tabs.elementor-tabs-alignment-end .elementor-tabs-wrapper{justify-content:flex-end}.elementor-widget-tabs.elementor-tabs-alignment-stretch.elementor-tabs-view-horizontal .elementor-tab-title{width:100%}.elementor-widget-tabs.elementor-tabs-alignment-stretch.elementor-tabs-view-vertical .elementor-tab-title{height:100%}.elementor-tabs .elementor-tab-mobile-title{display:none}}<\/style>\t\t<div class=\"elementor-tabs\">\n\t\t\t<div class=\"elementor-tabs-wrapper\" role=\"tablist\" >\n\t\t\t\t\t\t\t\t\t<div id=\"elementor-tab-title-2351\" class=\"elementor-tab-title elementor-tab-desktop-title\" aria-selected=\"true\" data-tab=\"1\" role=\"tab\" tabindex=\"0\" aria-controls=\"elementor-tab-content-2351\" aria-expanded=\"false\">Vasos PD inmold |<\/div>\n\t\t\t\t\t\t\t\t\t<div id=\"elementor-tab-title-2352\" class=\"elementor-tab-title elementor-tab-desktop-title\" aria-selected=\"false\" data-tab=\"2\" role=\"tab\" tabindex=\"-1\" aria-controls=\"elementor-tab-content-2352\" aria-expanded=\"false\">Vasos polipropileno |<\/div>\n\t\t\t\t\t\t\t<\/div>\n\t\t\t<div class=\"elementor-tabs-content-wrapper\" role=\"tablist\" aria-orientation=\"vertical\">\n\t\t\t\t\t\t\t\t\t<div class=\"elementor-tab-title elementor-tab-mobile-title\" aria-selected=\"true\" data-tab=\"1\" role=\"tab\" tabindex=\"0\" aria-controls=\"elementor-tab-content-2351\" aria-expanded=\"false\">Vasos PD inmold |<\/div>\n\t\t\t\t\t<div id=\"elementor-tab-content-2351\" class=\"elementor-tab-content elementor-clearfix\" data-tab=\"1\" role=\"tabpanel\" aria-labelledby=\"elementor-tab-title-2351\" tabindex=\"0\" hidden=\"false\"><div class=\"sizes\">Tama\u00f1os disponibles: <b>8, 12, 16, 22, 32, 36, 44 oz<\/b><\/div>\n<div class=\"color\">Color: <b><span class=\"colorseleccionado\">Amarillo<\/span><\/b><\/div>\n<div class=\"colors\">\n<div class=\"colores amarillo\" rel=\"Amarillo\"><\/div>\n<div class=\"colores naranja\" rel=\"Naranja\"><\/div>\n<div class=\"colores magenta\" rel=\"Magenta\"><\/div>\n<div class=\"colores transparente\" rel=\"Transparente\"><\/div>\n<\/div>\n<div class=\"tipoimpresion\">Tipo de impresi\u00f3n: <b>A todo color<\/b><\/div><\/div>\n\t\t\t\t\t\t\t\t\t<div class=\"elementor-tab-title elementor-tab-mobile-title\" aria-selected=\"false\" data-tab=\"2\" role=\"tab\" tabindex=\"-1\" aria-controls=\"elementor-tab-content-2352\" aria-expanded=\"false\">Vasos polipropileno |<\/div>\n\t\t\t\t\t<div id=\"elementor-tab-content-2352\" class=\"elementor-tab-content elementor-clearfix\" data-tab=\"2\" role=\"tabpanel\" aria-labelledby=\"elementor-tab-title-2352\" tabindex=\"0\" hidden=\"hidden\"><div class=\"sizes\">Tama\u00f1os disponibles: <b>8,10,12,16 oz<\/b><\/div>\n<div class=\"color\">Color: <b><span class=\"colorseleccionado\">Amarillo<\/span><\/b><\/div>\n<div class=\"colors\">\n<div class=\"colores amarillo\"><\/div>\n<div class=\"colores naranja\"><\/div>\n<div class=\"colores magenta\"><\/div>\n<div class=\"colores transparente\"><\/div>\n<\/div>\n<div class=\"tipoimpresion\">Tipo de impresi\u00f3n: <b>Serigraf\u00eda a dos colores<\/b><\/div><\/div>\n\t\t\t\t\t\t\t<\/div>\n\t\t<\/div>\n\t\t\t\t<\/div>\n\t\t\t\t<\/div>\n\t\t\t\t<div class=\"elementor-element elementor-element-6ef7e72 elementor-widget elementor-widget-html\" data-id=\"6ef7e72\" data-element_type=\"widget\" data-widget_type=\"html.default\">\n\t\t\t\t<div class=\"elementor-widget-container\">\n\t\t\t<a href=\"https:\/\/theyardcompany.com.mx\/es\/contact\/\"><div class=\"quote-int\">\n    HAZ TU COTIZACI\u00d3N\n<\/div><\/a>\t\t<\/div>\n\t\t\t\t<\/div>\n\t\t\t\t<div class=\"elementor-element elementor-element-08e0894 elementor-widget elementor-widget-image\" data-id=\"08e0894\" data-element_type=\"widget\" data-widget_type=\"image.default\">\n\t\t\t\t<div class=\"elementor-widget-container\">\n\t\t\t<style>\/*! elementor - v3.11.5 - 14-03-2023 *\/\n.elementor-widget-image{text-align:center}.elementor-widget-image a{display:inline-block}.elementor-widget-image a img[src$=\".svg\"]{width:48px}.elementor-widget-image img{vertical-align:middle;display:inline-block}<\/style>\t\t\t\t\t\t\t\t\t\t\t\t<img decoding=\"async\" width=\"812\" height=\"175\" src=\"https:\/\/theyardcompany.com.mx\/es\/wp-content\/uploads\/sites\/2\/2023\/05\/tapas.jpg\" class=\"attachment-large size-large wp-image-1026\" alt=\"\" loading=\"lazy\" srcset=\"https:\/\/theyardcompany.com.mx\/es\/wp-content\/uploads\/sites\/2\/2023\/05\/tapas.jpg 812w, https:\/\/theyardcompany.com.mx\/es\/wp-content\/uploads\/sites\/2\/2023\/05\/tapas-300x65.jpg 300w, https:\/\/theyardcompany.com.mx\/es\/wp-content\/uploads\/sites\/2\/2023\/05\/tapas-768x166.jpg 768w, https:\/\/theyardcompany.com.mx\/es\/wp-content\/uploads\/sites\/2\/2023\/05\/tapas-720x155.jpg 720w, https:\/\/theyardcompany.com.mx\/es\/wp-content\/uploads\/sites\/2\/2023\/05\/tapas-600x129.jpg 600w\" sizes=\"(max-width: 812px) 100vw, 812px\" \/>\t\t\t\t\t\t\t\t\t\t\t\t\t\t\t<\/div>\n\t\t\t\t<\/div>\n\t\t\t\t\t<\/div>\n\t\t<\/div>\n\t\t\t\t\t\t\t<\/div>\n\t\t<\/section>\n\t\t\t\t<section class=\"elementor-section elementor-top-section elementor-element elementor-element-bb4c029 elementor-section-content-middle elementor-reverse-tablet elementor-reverse-mobile elementor-hidden-desktop elementor-hidden-tablet ot-traditional elementor-section-boxed elementor-section-height-default elementor-section-height-default\" data-id=\"bb4c029\" data-element_type=\"section\">\n\t\t\t\t\t\t<div class=\"elementor-container elementor-column-gap-default\">\n\t\t\t\t\t<div class=\"elementor-column elementor-col-50 elementor-top-column elementor-element elementor-element-9c403ff ot-flex-column-vertical\" data-id=\"9c403ff\" data-element_type=\"column\">\n\t\t\t<div class=\"elementor-widget-wrap elementor-element-populated\">\n\t\t\t\t\t\t\t\t<div class=\"elementor-element elementor-element-dd8a31f elementor-hidden-desktop elementor-hidden-tablet elementor-arrows-position-inside elementor-pagination-position-outside elementor-widget elementor-widget-image-carousel\" data-id=\"dd8a31f\" data-element_type=\"widget\" data-settings=\"{&quot;slides_to_show_mobile&quot;:&quot;1&quot;,&quot;navigation&quot;:&quot;both&quot;,&quot;autoplay&quot;:&quot;yes&quot;,&quot;pause_on_hover&quot;:&quot;yes&quot;,&quot;pause_on_interaction&quot;:&quot;yes&quot;,&quot;autoplay_speed&quot;:5000,&quot;infinite&quot;:&quot;yes&quot;,&quot;speed&quot;:500}\" data-widget_type=\"image-carousel.default\">\n\t\t\t\t<div class=\"elementor-widget-container\">\n\t\t\t<style>\/*! elementor - v3.11.5 - 14-03-2023 *\/\n.elementor-widget-image-carousel .swiper,.elementor-widget-image-carousel .swiper-container{position:static}.elementor-widget-image-carousel .swiper-container .swiper-slide figure,.elementor-widget-image-carousel .swiper .swiper-slide figure{line-height:inherit}.elementor-widget-image-carousel .swiper-slide{text-align:center}.elementor-image-carousel-wrapper:not(.swiper-container-initialized) .swiper-slide,.elementor-image-carousel-wrapper:not(.swiper-initialized) .swiper-slide{max-width:calc(100% \/ var(--e-image-carousel-slides-to-show, 3))}<\/style>\t\t<div class=\"elementor-image-carousel-wrapper swiper\" dir=\"ltr\">\n\t\t\t<div class=\"elementor-image-carousel swiper-wrapper\">\n\t\t\t\t\t\t\t\t<div class=\"swiper-slide\"><figure class=\"swiper-slide-inner\"><img decoding=\"async\" class=\"swiper-slide-image\" src=\"https:\/\/theyardcompany.com.mx\/es\/wp-content\/uploads\/sites\/2\/2023\/04\/YC_Vaso-CocaCola-Navidad-260x300.jpg\" alt=\"YC_Vaso-CocaCola-Navidad\" \/><\/figure><\/div><div class=\"swiper-slide\"><figure class=\"swiper-slide-inner\"><img decoding=\"async\" class=\"swiper-slide-image\" src=\"https:\/\/theyardcompany.com.mx\/es\/wp-content\/uploads\/sites\/2\/2023\/04\/YC_Vaso-Frasco-Retro-260x300.jpg\" alt=\"YC_Vaso-Frasco-Retro\" \/><\/figure><\/div><div class=\"swiper-slide\"><figure class=\"swiper-slide-inner\"><img decoding=\"async\" class=\"swiper-slide-image\" src=\"https:\/\/theyardcompany.com.mx\/es\/wp-content\/uploads\/sites\/2\/2023\/04\/YC_Vaso-Rojo-260x300.jpg\" alt=\"YC_Vaso-Rojo\" \/><\/figure><\/div><div class=\"swiper-slide\"><figure class=\"swiper-slide-inner\"><img decoding=\"async\" class=\"swiper-slide-image\" src=\"https:\/\/theyardcompany.com.mx\/es\/wp-content\/uploads\/sites\/2\/2023\/04\/YC_Vaso-Tecate-260x300.jpg\" alt=\"YC_Vaso-Tecate\" \/><\/figure><\/div><div class=\"swiper-slide\"><figure class=\"swiper-slide-inner\"><img decoding=\"async\" class=\"swiper-slide-image\" src=\"https:\/\/theyardcompany.com.mx\/es\/wp-content\/uploads\/sites\/2\/2023\/04\/YC_Vaso-Transparente-Estandar-260x300.jpg\" alt=\"YC_Vaso-Transparente-Estandar\" \/><\/figure><\/div>\t\t\t<\/div>\n\t\t\t\t\t\t\t\t\t\t\t\t<div class=\"swiper-pagination\"><\/div>\n\t\t\t\t\t\t\t\t\t\t\t\t\t<div class=\"elementor-swiper-button elementor-swiper-button-prev\">\n\t\t\t\t\t\t<i aria-hidden=\"true\" class=\"eicon-chevron-left\"><\/i>\t\t\t\t\t\t<span class=\"elementor-screen-only\">Previo<\/span>\n\t\t\t\t\t<\/div>\n\t\t\t\t\t<div class=\"elementor-swiper-button elementor-swiper-button-next\">\n\t\t\t\t\t\t<i aria-hidden=\"true\" class=\"eicon-chevron-right\"><\/i>\t\t\t\t\t\t<span class=\"elementor-screen-only\">Siguiente<\/span>\n\t\t\t\t\t<\/div>\n\t\t\t\t\t\t\t\t\t<\/div>\n\t\t\t\t<\/div>\n\t\t\t\t<\/div>\n\t\t\t\t\t<\/div>\n\t\t<\/div>\n\t\t\t\t<div class=\"elementor-column elementor-col-50 elementor-top-column elementor-element elementor-element-508e94d ot-flex-column-vertical\" data-id=\"508e94d\" data-element_type=\"column\">\n\t\t\t<div class=\"elementor-widget-wrap elementor-element-populated\">\n\t\t\t\t\t\t\t\t<div class=\"elementor-element elementor-element-f1f01e8 elementor-widget elementor-widget-heading\" data-id=\"f1f01e8\" data-element_type=\"widget\" data-widget_type=\"heading.default\">\n\t\t\t\t<div class=\"elementor-widget-container\">\n\t\t\t<h2 class=\"elementor-heading-title elementor-size-default\">CUPS<\/h2>\t\t<\/div>\n\t\t\t\t<\/div>\n\t\t\t\t<div class=\"elementor-element elementor-element-b556462 elementor-hidden-desktop elementor-hidden-tablet elementor-widget elementor-widget-itabs\" data-id=\"b556462\" data-element_type=\"widget\" data-widget_type=\"itabs.default\">\n\t\t\t\t<div class=\"elementor-widget-container\">\n\t\t\t\r\n\t\t<div class=\"ot-tabs\">\r\n\t\t\t\t\t\t<ul class=\"tabs-heading unstyle\">\r\n\t\t\t\t\t\t\t\t<li class=\"tab-link octf-btn\" data-tab=\"tab-1204\">Vasos PD inmold  |<\/li>\r\n\t\t\t\t\t\t\t\t<li class=\"tab-link octf-btn\" data-tab=\"tab-2204\">Vasos polipropileno <\/li>\r\n\t\t\t\t\t\t\t<\/ul>\r\n\t\t\t\t\t\t<div id=\"tab-1204\" class=\"tab-content\">\r\n\t\t\t\t<div class=\"sizes\">Available sizes: <b>8, 12, 16, 22, 32, 36, 44 oz <\/b><\/div>\n<div class=\"color\">Color: <b><span class=\"colorseleccionado\">Yellow<\/span><\/b><\/div>\n<div class=\"colors\">\n<div class=\"colores amarillo\"><\/div>\n<div class=\"colores naranja\"><\/div>\n<div class=\"colores magenta\"><\/div>\n<div class=\"colores transparente\"><\/div>\n<\/div>\n<div class=\"tipoimpresion\">Type of printing: <b>Full color<\/b><\/div>\t\t\t<\/div>\r\n\t\t\t\t\t\t<div id=\"tab-2204\" class=\"tab-content\">\r\n\t\t\t\t<div class=\"sizes\">Available sizes: <b>8, 10, 12, 16 oz <\/b><\/div>\n<div class=\"color\">Color: <b><span class=\"colorseleccionado\">Yellow<\/span><\/b><\/div>\n<div class=\"colors\">\n<div class=\"colores amarillo\"><\/div>\n<div class=\"colores naranja\"><\/div>\n<div class=\"colores magenta\"><\/div>\n<div class=\"colores transparente\"><\/div>\n<\/div>\n<div class=\"tipoimpresion\">Type of printing: <b>Serigraf\u00eda a dos colores<\/b><\/div>\t\t\t<\/div>\r\n\t\t\t\t    <\/div>\r\n\r\n\t    \t\t<\/div>\n\t\t\t\t<\/div>\n\t\t\t\t\t<\/div>\n\t\t<\/div>\n\t\t\t\t\t\t\t<\/div>\n\t\t<\/section>\n\t\t\t\t\t\t\t<\/div>\n\t\t","protected":false},"excerpt":{"rendered":"<p>VASOS Vasos PD inmold | Vasos polipropileno | Vasos PD inmold | Tama\u00f1os disponibles: 8, 12, 16, 22, 32, 36, 44 oz Color: Amarillo Tipo de impresi\u00f3n: A todo color Vasos polipropileno | Tama\u00f1os disponibles: 8,10,12,16 oz Color: Amarillo Tipo de impresi\u00f3n: Serigraf\u00eda a dos colores HAZ TU COTIZACI\u00d3N Previo Siguiente CUPS Vasos PD inmold [&hellip;]<\/p>\n","protected":false},"author":1,"featured_media":0,"parent":0,"menu_order":0,"comment_status":"closed","ping_status":"closed","template":"elementor_header_footer","meta":{"_seopress_robots_primary_cat":""},"_links":{"self":[{"href":"https:\/\/theyardcompany.com.mx\/es\/wp-json\/wp\/v2\/pages\/597"}],"collection":[{"href":"https:\/\/theyardcompany.com.mx\/es\/wp-json\/wp\/v2\/pages"}],"about":[{"href":"https:\/\/theyardcompany.com.mx\/es\/wp-json\/wp\/v2\/types\/page"}],"author":[{"embeddable":true,"href":"https:\/\/theyardcompany.com.mx\/es\/wp-json\/wp\/v2\/users\/1"}],"replies":[{"embeddable":true,"href":"https:\/\/theyardcompany.com.mx\/es\/wp-json\/wp\/v2\/comments?post=597"}],"version-history":[{"count":43,"href":"https:\/\/theyardcompany.com.mx\/es\/wp-json\/wp\/v2\/pages\/597\/revisions"}],"predecessor-version":[{"id":1050,"href":"https:\/\/theyardcompany.com.mx\/es\/wp-json\/wp\/v2\/pages\/597\/revisions\/1050"}],"wp:attachment":[{"href":"https:\/\/theyardcompany.com.mx\/es\/wp-json\/wp\/v2\/media?parent=597"}],"curies":[{"name":"wp","href":"https:\/\/api.w.org\/{rel}","templated":true}]}}