{"id":16,"date":"2023-03-18T05:46:15","date_gmt":"2023-03-18T05:46:15","guid":{"rendered":"https:\/\/theyardcompany.com.mx\/es\/?page_id=16"},"modified":"2023-05-23T21:02:57","modified_gmt":"2023-05-23T21:02:57","slug":"inicio","status":"publish","type":"page","link":"https:\/\/theyardcompany.com.mx\/es\/","title":{"rendered":"Home"},"content":{"rendered":"\t\t<div data-elementor-type=\"wp-page\" data-elementor-id=\"16\" class=\"elementor elementor-16\">\n\t\t\t\t\t\t\t\t\t<section class=\"elementor-section elementor-top-section elementor-element elementor-element-cf58522 elementor-section-height-min-height ot-traditional elementor-section-boxed elementor-section-height-default elementor-section-items-middle\" data-id=\"cf58522\" data-element_type=\"section\">\n\t\t\t\t\t\t<div class=\"elementor-container elementor-column-gap-default\">\n\t\t\t\t\t<div class=\"elementor-column elementor-col-50 elementor-top-column elementor-element elementor-element-e4edab8 ot-flex-column-vertical\" data-id=\"e4edab8\" data-element_type=\"column\">\n\t\t\t<div class=\"elementor-widget-wrap elementor-element-populated\">\n\t\t\t\t\t\t\t\t<div class=\"elementor-element elementor-element-8892719 animated-slow elementor-invisible elementor-widget elementor-widget-heading\" data-id=\"8892719\" data-element_type=\"widget\" data-settings=\"{&quot;_animation&quot;:&quot;fadeIn&quot;,&quot;_animation_delay&quot;:900}\" data-widget_type=\"heading.default\">\n\t\t\t\t<div class=\"elementor-widget-container\">\n\t\t\t<style>\/*! elementor - v3.11.5 - 14-03-2023 *\/\n.elementor-heading-title{padding:0;margin:0;line-height:1}.elementor-widget-heading .elementor-heading-title[class*=elementor-size-]>a{color:inherit;font-size:inherit;line-height:inherit}.elementor-widget-heading .elementor-heading-title.elementor-size-small{font-size:15px}.elementor-widget-heading .elementor-heading-title.elementor-size-medium{font-size:19px}.elementor-widget-heading .elementor-heading-title.elementor-size-large{font-size:29px}.elementor-widget-heading .elementor-heading-title.elementor-size-xl{font-size:39px}.elementor-widget-heading .elementor-heading-title.elementor-size-xxl{font-size:59px}<\/style><h2 class=\"elementor-heading-title elementor-size-default\">LA PRIMER YARDA DE PL\u00c1STICO DEL MUNDO<\/h2>\t\t<\/div>\n\t\t\t\t<\/div>\n\t\t\t\t<div class=\"elementor-element elementor-element-cf02183 animated-slow elementor-invisible elementor-widget elementor-widget-text-editor\" data-id=\"cf02183\" data-element_type=\"widget\" data-settings=\"{&quot;_animation&quot;:&quot;fadeIn&quot;,&quot;_animation_delay&quot;:1200}\" data-widget_type=\"text-editor.default\">\n\t\t\t\t<div class=\"elementor-widget-container\">\n\t\t\t<style>\/*! elementor - v3.11.5 - 14-03-2023 *\/\n.elementor-widget-text-editor.elementor-drop-cap-view-stacked .elementor-drop-cap{background-color:#818a91;color:#fff}.elementor-widget-text-editor.elementor-drop-cap-view-framed .elementor-drop-cap{color:#818a91;border:3px solid;background-color:transparent}.elementor-widget-text-editor:not(.elementor-drop-cap-view-default) .elementor-drop-cap{margin-top:8px}.elementor-widget-text-editor:not(.elementor-drop-cap-view-default) .elementor-drop-cap-letter{width:1em;height:1em}.elementor-widget-text-editor .elementor-drop-cap{float:left;text-align:center;line-height:1;font-size:50px}.elementor-widget-text-editor .elementor-drop-cap-letter{display:inline-block}<\/style>\t\t\t\tY desde entonces hemos ofrecido<span style=\"color: #ff8200;\"> M\u00c1S DIVERSI\u00d3N<\/span> \t\t\t\t\t\t<\/div>\n\t\t\t\t<\/div>\n\t\t\t\t\t<\/div>\n\t\t<\/div>\n\t\t\t\t<div class=\"elementor-column elementor-col-50 elementor-top-column elementor-element elementor-element-4ad45e2 ot-flex-column-vertical\" data-id=\"4ad45e2\" data-element_type=\"column\">\n\t\t\t<div class=\"elementor-widget-wrap elementor-element-populated\">\n\t\t\t\t\t\t\t\t<div class=\"elementor-element elementor-element-981374e elementor-widget__width-initial elementor-absolute e-transform animated-slow elementor-invisible elementor-widget elementor-widget-image\" data-id=\"981374e\" data-element_type=\"widget\" data-settings=\"{&quot;_position&quot;:&quot;absolute&quot;,&quot;_animation&quot;:&quot;fadeInDown&quot;,&quot;_animation_delay&quot;:1800,&quot;_transform_rotateZ_effect&quot;:{&quot;unit&quot;:&quot;px&quot;,&quot;size&quot;:31,&quot;sizes&quot;:[]},&quot;_animation_mobile&quot;:&quot;fadeInLeft&quot;,&quot;_transform_rotateZ_effect_tablet&quot;:{&quot;unit&quot;:&quot;deg&quot;,&quot;size&quot;:&quot;&quot;,&quot;sizes&quot;:[]},&quot;_transform_rotateZ_effect_mobile&quot;:{&quot;unit&quot;:&quot;deg&quot;,&quot;size&quot;:&quot;&quot;,&quot;sizes&quot;:[]}}\" data-widget_type=\"image.default\">\n\t\t\t\t<div class=\"elementor-widget-container\">\n\t\t\t<style>\/*! elementor - v3.11.5 - 14-03-2023 *\/\n.elementor-widget-image{text-align:center}.elementor-widget-image a{display:inline-block}.elementor-widget-image a img[src$=\".svg\"]{width:48px}.elementor-widget-image img{vertical-align:middle;display:inline-block}<\/style>\t\t\t\t\t\t\t\t\t\t\t\t<img decoding=\"async\" width=\"190\" height=\"830\" src=\"https:\/\/theyardcompany.com.mx\/es\/wp-content\/uploads\/sites\/2\/2023\/03\/Yarda.png\" class=\"attachment-full size-full wp-image-19\" alt=\"\" loading=\"lazy\" srcset=\"https:\/\/theyardcompany.com.mx\/es\/wp-content\/uploads\/sites\/2\/2023\/03\/Yarda.png 190w, https:\/\/theyardcompany.com.mx\/es\/wp-content\/uploads\/sites\/2\/2023\/03\/Yarda-69x300.png 69w\" sizes=\"(max-width: 190px) 100vw, 190px\" \/>\t\t\t\t\t\t\t\t\t\t\t\t\t\t\t<\/div>\n\t\t\t\t<\/div>\n\t\t\t\t<div class=\"elementor-element elementor-element-82361e6 elementor-widget__width-initial elementor-absolute e-transform animated-slow elementor-invisible elementor-widget elementor-widget-image\" data-id=\"82361e6\" data-element_type=\"widget\" data-settings=\"{&quot;_position&quot;:&quot;absolute&quot;,&quot;_animation&quot;:&quot;fadeInDown&quot;,&quot;_animation_delay&quot;:1500,&quot;_transform_rotateZ_effect&quot;:{&quot;unit&quot;:&quot;px&quot;,&quot;size&quot;:31,&quot;sizes&quot;:[]},&quot;_animation_mobile&quot;:&quot;fadeInLeft&quot;,&quot;_transform_rotateZ_effect_tablet&quot;:{&quot;unit&quot;:&quot;deg&quot;,&quot;size&quot;:&quot;&quot;,&quot;sizes&quot;:[]},&quot;_transform_rotateZ_effect_mobile&quot;:{&quot;unit&quot;:&quot;deg&quot;,&quot;size&quot;:&quot;&quot;,&quot;sizes&quot;:[]}}\" data-widget_type=\"image.default\">\n\t\t\t\t<div class=\"elementor-widget-container\">\n\t\t\t\t\t\t\t\t\t\t\t\t\t\t\t<img decoding=\"async\" width=\"190\" height=\"830\" src=\"https:\/\/theyardcompany.com.mx\/es\/wp-content\/uploads\/sites\/2\/2023\/04\/Yarda-amarilla.png\" class=\"attachment-full size-full wp-image-768\" alt=\"\" loading=\"lazy\" srcset=\"https:\/\/theyardcompany.com.mx\/es\/wp-content\/uploads\/sites\/2\/2023\/04\/Yarda-amarilla.png 190w, https:\/\/theyardcompany.com.mx\/es\/wp-content\/uploads\/sites\/2\/2023\/04\/Yarda-amarilla-69x300.png 69w\" sizes=\"(max-width: 190px) 100vw, 190px\" \/>\t\t\t\t\t\t\t\t\t\t\t\t\t\t\t<\/div>\n\t\t\t\t<\/div>\n\t\t\t\t\t<\/div>\n\t\t<\/div>\n\t\t\t\t\t\t\t<\/div>\n\t\t<\/section>\n\t\t\t\t<section class=\"elementor-section elementor-top-section elementor-element elementor-element-054e426 elementor-section-full_width elementor-section-content-middle elementor-reverse-mobile ot-traditional elementor-section-height-default elementor-section-height-default\" data-id=\"054e426\" data-element_type=\"section\">\n\t\t\t\t\t\t<div class=\"elementor-container elementor-column-gap-no\">\n\t\t\t\t\t<div class=\"elementor-column elementor-col-50 elementor-top-column elementor-element elementor-element-fb3fa94 ot-flex-column-vertical\" data-id=\"fb3fa94\" data-element_type=\"column\">\n\t\t\t<div class=\"elementor-widget-wrap elementor-element-populated\">\n\t\t\t\t\t\t\t\t<div class=\"elementor-element elementor-element-147b69c elementor-widget elementor-widget-image\" data-id=\"147b69c\" data-element_type=\"widget\" data-widget_type=\"image.default\">\n\t\t\t\t<div class=\"elementor-widget-container\">\n\t\t\t\t\t\t\t\t\t\t\t\t\t\t\t<img decoding=\"async\" width=\"814\" height=\"734\" src=\"https:\/\/theyardcompany.com.mx\/es\/wp-content\/uploads\/sites\/2\/2023\/03\/Tiki-Frogs.jpg\" class=\"attachment-full size-full wp-image-26\" alt=\"\" loading=\"lazy\" srcset=\"https:\/\/theyardcompany.com.mx\/es\/wp-content\/uploads\/sites\/2\/2023\/03\/Tiki-Frogs.jpg 814w, https:\/\/theyardcompany.com.mx\/es\/wp-content\/uploads\/sites\/2\/2023\/03\/Tiki-Frogs-600x541.jpg 600w, https:\/\/theyardcompany.com.mx\/es\/wp-content\/uploads\/sites\/2\/2023\/03\/Tiki-Frogs-300x271.jpg 300w, https:\/\/theyardcompany.com.mx\/es\/wp-content\/uploads\/sites\/2\/2023\/03\/Tiki-Frogs-768x693.jpg 768w, https:\/\/theyardcompany.com.mx\/es\/wp-content\/uploads\/sites\/2\/2023\/03\/Tiki-Frogs-720x649.jpg 720w\" sizes=\"(max-width: 814px) 100vw, 814px\" \/>\t\t\t\t\t\t\t\t\t\t\t\t\t\t\t<\/div>\n\t\t\t\t<\/div>\n\t\t\t\t\t<\/div>\n\t\t<\/div>\n\t\t\t\t<div class=\"elementor-column elementor-col-50 elementor-top-column elementor-element elementor-element-7403bb4 ot-flex-column-vertical\" data-id=\"7403bb4\" data-element_type=\"column\" data-settings=\"{&quot;background_background&quot;:&quot;classic&quot;}\">\n\t\t\t<div class=\"elementor-widget-wrap elementor-element-populated\">\n\t\t\t\t\t\t\t\t<div class=\"elementor-element elementor-element-33e8f93 elementor-widget elementor-widget-heading\" data-id=\"33e8f93\" data-element_type=\"widget\" data-widget_type=\"heading.default\">\n\t\t\t\t<div class=\"elementor-widget-container\">\n\t\t\t<h2 class=\"elementor-heading-title elementor-size-default\">\u00a1PODEMOS PERSONALIZAR TODO LO QUE NECESITES!<\/h2>\t\t<\/div>\n\t\t\t\t<\/div>\n\t\t\t\t<div class=\"elementor-element elementor-element-00cdd41 elementor-hidden-tablet elementor-hidden-mobile elementor-widget elementor-widget-text-editor\" data-id=\"00cdd41\" data-element_type=\"widget\" data-widget_type=\"text-editor.default\">\n\t\t\t\t<div class=\"elementor-widget-container\">\n\t\t\t\t\t\t\tPuede imprimir su nombre, logotipo, fecha, evento en una amplia gama\nde colores, materiales y formas\t\t\t\t\t\t<\/div>\n\t\t\t\t<\/div>\n\t\t\t\t<div class=\"elementor-element elementor-element-690147d elementor-hidden-desktop elementor-widget elementor-widget-text-editor\" data-id=\"690147d\" data-element_type=\"widget\" data-widget_type=\"text-editor.default\">\n\t\t\t\t<div class=\"elementor-widget-container\">\n\t\t\t\t\t\t\t<p>You can print your name, logo, date, event in a wide range of colors, materials and forms<\/p>\t\t\t\t\t\t<\/div>\n\t\t\t\t<\/div>\n\t\t\t\t<div class=\"elementor-element elementor-element-83987b0 elementor-widget elementor-widget-image\" data-id=\"83987b0\" data-element_type=\"widget\" data-widget_type=\"image.default\">\n\t\t\t\t<div class=\"elementor-widget-container\">\n\t\t\t\t\t\t\t\t\t\t\t\t\t\t\t\t<a href=\"https:\/\/theyardcompany.com.mx\/es\/contact\/\">\n\t\t\t\t\t\t\t<img decoding=\"async\" width=\"202\" height=\"58\" src=\"https:\/\/theyardcompany.com.mx\/es\/wp-content\/uploads\/sites\/2\/2023\/03\/Contactanos-boton.png\" class=\"attachment-large size-large wp-image-977\" alt=\"\" loading=\"lazy\" \/>\t\t\t\t\t\t\t\t<\/a>\n\t\t\t\t\t\t\t\t\t\t\t\t\t\t\t<\/div>\n\t\t\t\t<\/div>\n\t\t\t\t\t<\/div>\n\t\t<\/div>\n\t\t\t\t\t\t\t<\/div>\n\t\t<\/section>\n\t\t\t\t<section class=\"elementor-section elementor-top-section elementor-element elementor-element-4a69d78 elementor-section-full_width elementor-hidden-desktop elementor-hidden-tablet elementor-hidden-mobile ot-traditional elementor-section-height-default elementor-section-height-default\" data-id=\"4a69d78\" data-element_type=\"section\">\n\t\t\t\t\t\t<div class=\"elementor-container elementor-column-gap-no\">\n\t\t\t\t\t<div class=\"elementor-column elementor-col-100 elementor-top-column elementor-element elementor-element-e48b258 ot-flex-column-vertical\" data-id=\"e48b258\" data-element_type=\"column\">\n\t\t\t<div class=\"elementor-widget-wrap elementor-element-populated\">\n\t\t\t\t\t\t\t\t<div class=\"elementor-element elementor-element-1df1486 elementor-hidden-tablet elementor-hidden-mobile elementor-widget elementor-widget-heading\" data-id=\"1df1486\" data-element_type=\"widget\" data-widget_type=\"heading.default\">\n\t\t\t\t<div class=\"elementor-widget-container\">\n\t\t\t<h2 class=\"elementor-heading-title elementor-size-default\">CONSULTE NUESTRO AMPLIO CAT\u00c1LOGO <\/h2>\t\t<\/div>\n\t\t\t\t<\/div>\n\t\t\t\t<div class=\"elementor-element elementor-element-82cc37f elementor-hidden-desktop elementor-widget elementor-widget-heading\" data-id=\"82cc37f\" data-element_type=\"widget\" data-widget_type=\"heading.default\">\n\t\t\t\t<div class=\"elementor-widget-container\">\n\t\t\t<h2 class=\"elementor-heading-title elementor-size-default\">SEE OUR <br>EXTENSIVE CATALOGUE <\/h2>\t\t<\/div>\n\t\t\t\t<\/div>\n\t\t\t\t<div class=\"elementor-element elementor-element-3658bf9 elementor-widget elementor-widget-image\" data-id=\"3658bf9\" data-element_type=\"widget\" data-widget_type=\"image.default\">\n\t\t\t\t<div class=\"elementor-widget-container\">\n\t\t\t\t\t\t\t\t\t\t\t\t\t\t\t<img decoding=\"async\" width=\"1024\" height=\"273\" src=\"https:\/\/theyardcompany.com.mx\/es\/wp-content\/uploads\/sites\/2\/2023\/03\/Banner-para-catalogo-del-home-1024x273.jpg\" class=\"attachment-large size-large wp-image-27\" alt=\"\" loading=\"lazy\" srcset=\"https:\/\/theyardcompany.com.mx\/es\/wp-content\/uploads\/sites\/2\/2023\/03\/Banner-para-catalogo-del-home-1024x273.jpg 1024w, https:\/\/theyardcompany.com.mx\/es\/wp-content\/uploads\/sites\/2\/2023\/03\/Banner-para-catalogo-del-home-600x160.jpg 600w, https:\/\/theyardcompany.com.mx\/es\/wp-content\/uploads\/sites\/2\/2023\/03\/Banner-para-catalogo-del-home-300x80.jpg 300w, https:\/\/theyardcompany.com.mx\/es\/wp-content\/uploads\/sites\/2\/2023\/03\/Banner-para-catalogo-del-home-768x205.jpg 768w, https:\/\/theyardcompany.com.mx\/es\/wp-content\/uploads\/sites\/2\/2023\/03\/Banner-para-catalogo-del-home-1536x410.jpg 1536w, https:\/\/theyardcompany.com.mx\/es\/wp-content\/uploads\/sites\/2\/2023\/03\/Banner-para-catalogo-del-home-720x192.jpg 720w, https:\/\/theyardcompany.com.mx\/es\/wp-content\/uploads\/sites\/2\/2023\/03\/Banner-para-catalogo-del-home.jpg 1920w\" sizes=\"(max-width: 1024px) 100vw, 1024px\" \/>\t\t\t\t\t\t\t\t\t\t\t\t\t\t\t<\/div>\n\t\t\t\t<\/div>\n\t\t\t\t<div class=\"elementor-element elementor-element-5c622d6 elementor-widget elementor-widget-image\" data-id=\"5c622d6\" data-element_type=\"widget\" data-widget_type=\"image.default\">\n\t\t\t\t<div class=\"elementor-widget-container\">\n\t\t\t\t\t\t\t\t\t\t\t\t\t\t\t\t<a href=\"https:\/\/theyardcompany.com.mx\/es\/products\/\">\n\t\t\t\t\t\t\t<img decoding=\"async\" width=\"230\" height=\"65\" src=\"https:\/\/theyardcompany.com.mx\/es\/wp-content\/uploads\/sites\/2\/2023\/04\/Ver-ma\u0301s.png\" class=\"attachment-large size-large wp-image-996\" alt=\"\" loading=\"lazy\" \/>\t\t\t\t\t\t\t\t<\/a>\n\t\t\t\t\t\t\t\t\t\t\t\t\t\t\t<\/div>\n\t\t\t\t<\/div>\n\t\t\t\t\t<\/div>\n\t\t<\/div>\n\t\t\t\t\t\t\t<\/div>\n\t\t<\/section>\n\t\t\t\t\t\t\t<\/div>\n\t\t","protected":false},"excerpt":{"rendered":"<p>LA PRIMER YARDA DE PL\u00c1STICO DEL MUNDO Y desde entonces hemos ofrecido M\u00c1S DIVERSI\u00d3N \u00a1PODEMOS PERSONALIZAR TODO LO QUE NECESITES! Puede imprimir su nombre, logotipo, fecha, evento en una amplia gama de colores, materiales y formas You can print your name, logo, date, event in a wide range of colors, materials and forms CONSULTE NUESTRO [&hellip;]<\/p>\n","protected":false},"author":1,"featured_media":733,"parent":0,"menu_order":0,"comment_status":"closed","ping_status":"closed","template":"elementor_header_footer","meta":{"_seopress_robots_primary_cat":""},"_links":{"self":[{"href":"https:\/\/theyardcompany.com.mx\/es\/wp-json\/wp\/v2\/pages\/16"}],"collection":[{"href":"https:\/\/theyardcompany.com.mx\/es\/wp-json\/wp\/v2\/pages"}],"about":[{"href":"https:\/\/theyardcompany.com.mx\/es\/wp-json\/wp\/v2\/types\/page"}],"author":[{"embeddable":true,"href":"https:\/\/theyardcompany.com.mx\/es\/wp-json\/wp\/v2\/users\/1"}],"replies":[{"embeddable":true,"href":"https:\/\/theyardcompany.com.mx\/es\/wp-json\/wp\/v2\/comments?post=16"}],"version-history":[{"count":109,"href":"https:\/\/theyardcompany.com.mx\/es\/wp-json\/wp\/v2\/pages\/16\/revisions"}],"predecessor-version":[{"id":1060,"href":"https:\/\/theyardcompany.com.mx\/es\/wp-json\/wp\/v2\/pages\/16\/revisions\/1060"}],"wp:featuredmedia":[{"embeddable":true,"href":"https:\/\/theyardcompany.com.mx\/es\/wp-json\/wp\/v2\/media\/733"}],"wp:attachment":[{"href":"https:\/\/theyardcompany.com.mx\/es\/wp-json\/wp\/v2\/media?parent=16"}],"curies":[{"name":"wp","href":"https:\/\/api.w.org\/{rel}","templated":true}]}}